{"id":27,"date":"2017-08-11T13:04:13","date_gmt":"2017-08-11T13:04:13","guid":{"rendered":"http:\/\/atixscripts.info\/demo\/minimagdemo\/?page_id=27"},"modified":"2019-10-03T19:26:01","modified_gmt":"2019-10-03T19:26:01","slug":"minimag-homepage-12","status":"publish","type":"page","link":"https:\/\/triesen.com.ar\/blog\/","title":{"rendered":"Minimag Homepage 12"},"content":{"rendered":"<p>[vc_row][vc_column][\/vc_column][\/vc_row][vc_row spadding=&#8221;spaddingtop&#8221;][vc_column]\t<!-- Page Content -->\r\n\t<div class=\"container-fluid no-left-padding no-right-padding masonry-box-1\">\r\n\t\t<!-- Container -->\r\n\t\t<div class=\"container\">\r\n\t\t\t<div class=\"row\">\r\n\t\t\t\t<div class=\"content-area col-sm-12\">\r\n\t\t\t\t\t<!-- Row -->\r\n\t\t\t\t\t<div class=\"row blog-masonry-list\">\r\n\t\t\t\t\t\t\t\t\t\t\t\t\t<div class=\"col-lg-4 col-sm-6 blog-masonry-box\">\r\n\t\t\t\t\t\t\t\t<div class=\"post-1009 post type-post status-publish format-standard has-post-thumbnail hentry category-sin-categoria\">\r\n\t\t\t\t\t\t\t\t\t\t\t\t\t\t\t\t\t\t\t\t<div class=\"entry-cover\">\r\n\t\t\t\t\t\t\t\t\t\t\t\t<div class=\"post-meta\">\r\n\t\t\t\t\t\t\t\t\t\t\t\t\t<span class=\"byline\">by\t\t\t\t\t\t\t\t\t\t\t\t\t\t<a href=\"https:\/\/triesen.com.ar\/blog\/author\/c1381141\/\" title=\"Triesen\">Triesen<\/a>\r\n\t\t\t\t\t\t\t\t\t\t\t\t\t<\/span>\r\n\t\t\t\t\t\t\t\t\t\t\t\t\t<span class=\"post-date\">\r\n\t\t\t\t\t\t\t\t\t\t\t\t\t\t<a href=\"https:\/\/triesen.com.ar\/blog\/administracion-nacional-de-medicamentos-alimentos-y-tecnologia-medica\/\">7 octubre, 2019<\/a>\r\n\t\t\t\t\t\t\t\t\t\t\t\t\t<\/span>\r\n\t\t\t\t\t\t\t\t\t\t\t\t<\/div>\r\n\t\t\t\t\t\t\t\t\t\t\t\t<a href=\"https:\/\/triesen.com.ar\/blog\/administracion-nacional-de-medicamentos-alimentos-y-tecnologia-medica\/\">\r\n\t\t\t\t\t\t\t\t\t\t\t\t\t<img loading=\"lazy\" decoding=\"async\" width=\"370\" height=\"493\" src=\"https:\/\/triesen.com.ar\/blog\/wp-content\/uploads\/2019\/10\/20190423072229_d3bea631975bd3830f756afc5c9afcfb-370x493.jpg\" class=\"attachment-minimag_370_493 size-minimag_370_493 wp-post-image\" alt=\"\" \/>\t\t\t\t\t\t\t\t\t\t\t\t<\/a>\r\n\t\t\t\t\t\t\t\t\t\t\t<\/div>\r\n\t\t\t\t\t\t\t\t\t\t\t\t\t\t\t\t\t\t\t\t<div class=\"entry-content\">\r\n\t\t\t\t\t\t\t\t\t\t<div class=\"entry-header\">\t\r\n\t\t\t\t\t\t\t\t\t\t\t\t\t\t\t\t\t\t\t\t\t\t\t<span class=\"post-category\">\r\n\t\t\t\t\t\t\t\t\t\t\t\t\t<a href=\"https:\/\/triesen.com.ar\/blog\/category\/sin-categoria\/\" rel=\"category tag\">Sin categor\u00eda<\/a>\t\t\t\t\t\t\t\t\t\t\t\t<\/span>\r\n\t\t\t\t\t\t\t\t\t\t\t\t\t\t\t\t\t\t\t\t\t\t\t<h3 class=\"entry-title\">\r\n\t\t\t\t\t\t\t\t\t\t\t\t<a href=\"https:\/\/triesen.com.ar\/blog\/administracion-nacional-de-medicamentos-alimentos-y-tecnologia-medica\/\" title=\"ADMINISTRACI\u00d3N NACIONAL DE MEDICAMENTOS, ALIMENTOS Y TECNOLOG\u00cdA M\u00c9DICA\">ADMINISTRACI\u00d3N NACIONAL DE MEDICAMENTOS, ALIMENTOS Y TECNOLOG\u00cdA M\u00c9DICA<\/a>\r\n\t\t\t\t\t\t\t\t\t\t\t<\/h3>\r\n\t\t\t\t\t\t\t\t\t\t<\/div>\r\n\t\t\t\t\t\t\t\t\t\t\t\t\t\t\t\t\t\t\t\t\t<p>Disposici\u00f3n 3827\/2018Ciudad de Buenos Aires, 19\/04\/2018\n\n\n\nVISTO la Disposici\u00f3n ANMAT N\u00b0 3602\/2018 y el EX-2018-17197475-APN-ANMAT#MS del Registro de esta ADMINISTRACI\u00d3N NACIONAL DE MEDICAMENTOS, ALIMENTOS Y TECNOLOG\u00cdA M\u00c9DICA; y CONSIDERANDO:Que por Disposici\u00f3n ...<\/p>\r\n\t\t\t\t\t\t\t\t\t\t\t\t\t\t\t\t\t\t\t\t\t<a href=\"https:\/\/triesen.com.ar\/blog\/administracion-nacional-de-medicamentos-alimentos-y-tecnologia-medica\/\" title=\"Read More\">\r\n\t\t\t\t\t\t\t\t\t\t\tRead More\t\t\t\t\t\t\t\t\t\t<\/a>\r\n\t\t\t\t\t\t\t\t\t<\/div>\r\n\t\t\t\t\t\t\t\t<\/div>\r\n\t\t\t\t\t\t\t<\/div>\r\n\t\t\t\t\t\t\t\t\t\t\t\t\t\t<div class=\"col-lg-4 col-sm-6 blog-masonry-box\">\r\n\t\t\t\t\t\t\t\t<div class=\"post-984 post type-post status-publish format-standard has-post-thumbnail hentry category-sin-categoria\">\r\n\t\t\t\t\t\t\t\t\t\t\t\t\t\t\t\t\t\t\t\t<div class=\"entry-cover\">\r\n\t\t\t\t\t\t\t\t\t\t\t\t<div class=\"post-meta\">\r\n\t\t\t\t\t\t\t\t\t\t\t\t\t<span class=\"byline\">by\t\t\t\t\t\t\t\t\t\t\t\t\t\t<a href=\"https:\/\/triesen.com.ar\/blog\/author\/c1381141\/\" title=\"Triesen\">Triesen<\/a>\r\n\t\t\t\t\t\t\t\t\t\t\t\t\t<\/span>\r\n\t\t\t\t\t\t\t\t\t\t\t\t\t<span class=\"post-date\">\r\n\t\t\t\t\t\t\t\t\t\t\t\t\t\t<a href=\"https:\/\/triesen.com.ar\/blog\/triesen\/\">3 octubre, 2019<\/a>\r\n\t\t\t\t\t\t\t\t\t\t\t\t\t<\/span>\r\n\t\t\t\t\t\t\t\t\t\t\t\t<\/div>\r\n\t\t\t\t\t\t\t\t\t\t\t\t<a href=\"https:\/\/triesen.com.ar\/blog\/triesen\/\">\r\n\t\t\t\t\t\t\t\t\t\t\t\t\t<img loading=\"lazy\" decoding=\"async\" width=\"370\" height=\"247\" src=\"https:\/\/triesen.com.ar\/blog\/wp-content\/uploads\/2019\/10\/triesen-elementos-filtrantes-para-industrias-370x247.jpg\" class=\"attachment-minimag_370_247 size-minimag_370_247 wp-post-image\" alt=\"\" srcset=\"https:\/\/triesen.com.ar\/blog\/wp-content\/uploads\/2019\/10\/triesen-elementos-filtrantes-para-industrias-370x247.jpg 370w, https:\/\/triesen.com.ar\/blog\/wp-content\/uploads\/2019\/10\/triesen-elementos-filtrantes-para-industrias-345x230.jpg 345w, https:\/\/triesen.com.ar\/blog\/wp-content\/uploads\/2019\/10\/triesen-elementos-filtrantes-para-industrias-770x513.jpg 770w, https:\/\/triesen.com.ar\/blog\/wp-content\/uploads\/2019\/10\/triesen-elementos-filtrantes-para-industrias-440x294.jpg 440w, https:\/\/triesen.com.ar\/blog\/wp-content\/uploads\/2019\/10\/triesen-elementos-filtrantes-para-industrias-570x380.jpg 570w, https:\/\/triesen.com.ar\/blog\/wp-content\/uploads\/2019\/10\/triesen-elementos-filtrantes-para-industrias-170x113.jpg 170w\" sizes=\"auto, (max-width: 370px) 100vw, 370px\" \/>\t\t\t\t\t\t\t\t\t\t\t\t<\/a>\r\n\t\t\t\t\t\t\t\t\t\t\t<\/div>\r\n\t\t\t\t\t\t\t\t\t\t\t\t\t\t\t\t\t\t\t\t<div class=\"entry-content\">\r\n\t\t\t\t\t\t\t\t\t\t<div class=\"entry-header\">\t\r\n\t\t\t\t\t\t\t\t\t\t\t\t\t\t\t\t\t\t\t\t\t\t\t<span class=\"post-category\">\r\n\t\t\t\t\t\t\t\t\t\t\t\t\t<a href=\"https:\/\/triesen.com.ar\/blog\/category\/sin-categoria\/\" rel=\"category tag\">Sin categor\u00eda<\/a>\t\t\t\t\t\t\t\t\t\t\t\t<\/span>\r\n\t\t\t\t\t\t\t\t\t\t\t\t\t\t\t\t\t\t\t\t\t\t\t<h3 class=\"entry-title\">\r\n\t\t\t\t\t\t\t\t\t\t\t\t<a href=\"https:\/\/triesen.com.ar\/blog\/triesen\/\" title=\"Triesen\">Triesen<\/a>\r\n\t\t\t\t\t\t\t\t\t\t\t<\/h3>\r\n\t\t\t\t\t\t\t\t\t\t<\/div>\r\n\t\t\t\t\t\t\t\t\t\t\t\t\t\t\t\t\t\t\t\t\t<p>La experiencia acumulada durante m\u00e1s de 15 a\u00f1os en diversos sectores industriales, junto con nuestra variada gama de productos, hace que podamos ofrecer soluciones integrales y a medida de cada ...<\/p>\r\n\t\t\t\t\t\t\t\t\t\t\t\t\t\t\t\t\t\t\t\t\t<a href=\"https:\/\/triesen.com.ar\/blog\/triesen\/\" title=\"Read More\">\r\n\t\t\t\t\t\t\t\t\t\t\tRead More\t\t\t\t\t\t\t\t\t\t<\/a>\r\n\t\t\t\t\t\t\t\t\t<\/div>\r\n\t\t\t\t\t\t\t\t<\/div>\r\n\t\t\t\t\t\t\t<\/div>\r\n\t\t\t\t\t\t\t<\/div><!-- Row \/- -->\t\t\t\t<\/div>\r\n\t\t\t<\/div>\r\n\t\t<\/div><!-- Container \/- -->\r\n\t<\/div><!-- Page Content \/- -->\r\n\t\t\r\n\t[\/vc_column][\/vc_row]<\/p>\n","protected":false},"excerpt":{"rendered":"<p>[vc_row][vc_column][\/vc_column][\/vc_row][vc_row spadding=&#8221;spaddingtop&#8221;][vc_column][\/vc_column][\/vc_row]<\/p>\n","protected":false},"author":2,"featured_media":0,"parent":0,"menu_order":0,"comment_status":"closed","ping_status":"closed","template":"","meta":{"footnotes":""},"class_list":["post-27","page","type-page","status-publish","hentry","has-post-thumbnail"],"_links":{"self":[{"href":"https:\/\/triesen.com.ar\/blog\/wp-json\/wp\/v2\/pages\/27","targetHints":{"allow":["GET"]}}],"collection":[{"href":"https:\/\/triesen.com.ar\/blog\/wp-json\/wp\/v2\/pages"}],"about":[{"href":"https:\/\/triesen.com.ar\/blog\/wp-json\/wp\/v2\/types\/page"}],"author":[{"embeddable":true,"href":"https:\/\/triesen.com.ar\/blog\/wp-json\/wp\/v2\/users\/2"}],"replies":[{"embeddable":true,"href":"https:\/\/triesen.com.ar\/blog\/wp-json\/wp\/v2\/comments?post=27"}],"version-history":[{"count":2,"href":"https:\/\/triesen.com.ar\/blog\/wp-json\/wp\/v2\/pages\/27\/revisions"}],"predecessor-version":[{"id":1005,"href":"https:\/\/triesen.com.ar\/blog\/wp-json\/wp\/v2\/pages\/27\/revisions\/1005"}],"wp:attachment":[{"href":"https:\/\/triesen.com.ar\/blog\/wp-json\/wp\/v2\/media?parent=27"}],"curies":[{"name":"wp","href":"https:\/\/api.w.org\/{rel}","templated":true}]}}